{"id":40,"date":"2023-07-07T00:18:00","date_gmt":"2023-07-06T22:18:00","guid":{"rendered":"https:\/\/l-ilot-maths.fr\/?page_id=40"},"modified":"2025-08-31T10:53:59","modified_gmt":"2025-08-31T08:53:59","slug":"tarifs","status":"publish","type":"page","link":"https:\/\/l-ilot-maths.fr\/index.php\/tarifs\/","title":{"rendered":"Tarifs"},"content":{"rendered":"\n<p class=\"has-luminous-vivid-orange-color has-text-color has-medium-font-size\"><strong>Durant l\u2019ann\u00e9e scolaire :<\/strong><\/p>\n\n\n\n<p>Pour une s\u00e9ance d\u2019une dur\u00e9e de 1h30 :<\/p>\n\n\n\n<p>\u2013 33\u20ac\u00a0jusqu\u2019au niveau 3\u00b0<\/p>\n\n\n\n<p>\u2013 35\u20ac \u00e0 partir du niveau 2nde.<\/p>\n\n\n\n<p>\u2013 R\u00e9duction de 5% pour un bloc de 5 s\u00e9ances.<\/p>\n\n\n\n<p>L\u2019\u00e9l\u00e8ve (ou ses parents)&nbsp;m\u2019informe&nbsp; par mail&nbsp;du th\u00e8me sur lequel il souhaite travailler au plus tard&nbsp;48h avant chaque s\u00e9ance, confirmant ainsi sa pr\u00e9sence.<\/p>\n\n\n\n<p><a href=\"mailto:l_ilot_maths@orange.fr\">l_ilot_maths@orange.fr<\/a><\/p>\n\n\n\n<p class=\"has-luminous-vivid-orange-color has-text-color has-medium-font-size\"><strong>Durant les p\u00e9riodes de vacances scolaires :<\/strong><\/p>\n\n\n\n<p>\u2013 les tarifs pr\u00e9c\u00e9dents s\u2019appliquent s\u2019il s\u2019agit de s\u00e9ances ponctuelles<\/p>\n\n\n\n<p>\u2013 stage th\u00e9matique coll\u00e8ge 3 s\u00e9ances : 90\u20ac<\/p>\n\n\n\n<p>\u2013&nbsp;stage th\u00e9matique coll\u00e8ge 4 s\u00e9ances : 120\u20ac<\/p>\n\n\n\n<p>\u2013 stage th\u00e9matique lyc\u00e9e 3 s\u00e9ances : 95\u20ac<\/p>\n\n\n\n<p>\u2013 stage th\u00e9matique lyc\u00e9e 4 s\u00e9ances : 125\u20ac<\/p>\n\n\n\n<p>Les cours ou les stages sont payables d\u2019avance.<\/p>\n\n\n\n<p>En cas d\u2019annulation, pr\u00e9venir 48h avant.<\/p>\n\n\n\n<h3 class=\"wp-block-heading has-cyan-bluish-gray-background-color has-background\">mail :&nbsp;<a href=\"mailto:l_ilot_maths@orange.fr\">l_ilot_maths@orange.fr<\/a>                       t\u00e9l : 06 80 52 99 72<\/h3>\n","protected":false},"excerpt":{"rendered":"<p>Durant l\u2019ann\u00e9e scolaire : Pour une s\u00e9ance d\u2019une dur\u00e9e de 1h30 : \u2013 33\u20ac\u00a0jusqu\u2019au niveau 3\u00b0 \u2013 35\u20ac \u00e0 partir du niveau 2nde. \u2013 R\u00e9duction de 5% pour un bloc de 5 s\u00e9ances. L\u2019\u00e9l\u00e8ve (ou ses parents)&nbsp;m\u2019informe&nbsp; par mail&nbsp;du th\u00e8me sur lequel il souhaite travailler au plus tard&nbsp;48h avant chaque s\u00e9ance, confirmant ainsi sa pr\u00e9sence. [&hellip;]<\/p>\n","protected":false},"author":1,"featured_media":0,"parent":0,"menu_order":4,"comment_status":"closed","ping_status":"closed","template":"","meta":{"site-sidebar-layout":"default","site-content-layout":"","ast-site-content-layout":"default","site-content-style":"default","site-sidebar-style":"default","ast-global-header-display":"","ast-banner-title-visibility":"","ast-main-header-display":"","ast-hfb-above-header-display":"","ast-hfb-below-header-display":"","ast-hfb-mobile-header-display":"","site-post-title":"","ast-breadcrumbs-content":"","ast-featured-img":"","footer-sml-layout":"","ast-disable-related-posts":"","theme-transparent-header-meta":"","adv-header-id-meta":"","stick-header-meta":"","header-above-stick-meta":"","header-main-stick-meta":"","header-below-stick-meta":"","astra-migrate-meta-layouts":"set","ast-page-background-enabled":"default","ast-page-background-meta":{"desktop":{"background-color":"var(--ast-global-color-4)","background-image":"","background-repeat":"repeat","background-position":"center center","background-size":"auto","background-attachment":"scroll","background-type":"","background-media":"","overlay-type":"","overlay-color":"","overlay-opacity":"","overlay-gradient":""},"tablet":{"background-color":"","background-image":"","background-repeat":"repeat","background-position":"center center","background-size":"auto","background-attachment":"scroll","background-type":"","background-media":"","overlay-type":"","overlay-color":"","overlay-opacity":"","overlay-gradient":""},"mobile":{"background-color":"","background-image":"","background-repeat":"repeat","background-position":"center center","background-size":"auto","background-attachment":"scroll","background-type":"","background-media":"","overlay-type":"","overlay-color":"","overlay-opacity":"","overlay-gradient":""}},"ast-content-background-meta":{"desktop":{"background-color":"var(--ast-global-color-5)","background-image":"","background-repeat":"repeat","background-position":"center center","background-size":"auto","background-attachment":"scroll","background-type":"","background-media":"","overlay-type":"","overlay-color":"","overlay-opacity":"","overlay-gradient":""},"tablet":{"background-color":"var(--ast-global-color-5)","background-image":"","background-repeat":"repeat","background-position":"center center","background-size":"auto","background-attachment":"scroll","background-type":"","background-media":"","overlay-type":"","overlay-color":"","overlay-opacity":"","overlay-gradient":""},"mobile":{"background-color":"var(--ast-global-color-5)","background-image":"","background-repeat":"repeat","background-position":"center center","background-size":"auto","background-attachment":"scroll","background-type":"","background-media":"","overlay-type":"","overlay-color":"","overlay-opacity":"","overlay-gradient":""}},"footnotes":""},"class_list":["post-40","page","type-page","status-publish","hentry"],"_links":{"self":[{"href":"https:\/\/l-ilot-maths.fr\/index.php\/wp-json\/wp\/v2\/pages\/40","targetHints":{"allow":["GET"]}}],"collection":[{"href":"https:\/\/l-ilot-maths.fr\/index.php\/wp-json\/wp\/v2\/pages"}],"about":[{"href":"https:\/\/l-ilot-maths.fr\/index.php\/wp-json\/wp\/v2\/types\/page"}],"author":[{"embeddable":true,"href":"https:\/\/l-ilot-maths.fr\/index.php\/wp-json\/wp\/v2\/users\/1"}],"replies":[{"embeddable":true,"href":"https:\/\/l-ilot-maths.fr\/index.php\/wp-json\/wp\/v2\/comments?post=40"}],"version-history":[{"count":11,"href":"https:\/\/l-ilot-maths.fr\/index.php\/wp-json\/wp\/v2\/pages\/40\/revisions"}],"predecessor-version":[{"id":222,"href":"https:\/\/l-ilot-maths.fr\/index.php\/wp-json\/wp\/v2\/pages\/40\/revisions\/222"}],"wp:attachment":[{"href":"https:\/\/l-ilot-maths.fr\/index.php\/wp-json\/wp\/v2\/media?parent=40"}],"curies":[{"name":"wp","href":"https:\/\/api.w.org\/{rel}","templated":true}]}}