{"id":54,"date":"2023-07-07T01:05:18","date_gmt":"2023-07-06T23:05:18","guid":{"rendered":"https:\/\/l-ilot-maths.fr\/?page_id=54"},"modified":"2023-08-21T02:46:48","modified_gmt":"2023-08-21T00:46:48","slug":"contact-et-plan","status":"publish","type":"page","link":"https:\/\/l-ilot-maths.fr\/index.php\/contact-et-plan\/","title":{"rendered":"Contact et plan"},"content":{"rendered":"\n<div class=\"wp-block-columns is-layout-flex wp-container-core-columns-is-layout-28f84493 wp-block-columns-is-layout-flex\">\n<div class=\"wp-block-column is-layout-flow wp-block-column-is-layout-flow\">\n<h3 class=\"wp-block-heading has-medium-font-size\">Pour me contacter :<\/h3>\n\n\n\n<h3 class=\"wp-block-heading has-medium-font-size\">mail :&nbsp;<a href=\"mailto:l_ilot_maths@orange.fr\">l_ilot_maths@orange.fr<\/a><\/h3>\n\n\n\n<h3 class=\"wp-block-heading has-medium-font-size\">t\u00e9l : 06 80 52 99 72<\/h3>\n<\/div>\n\n\n\n<div class=\"wp-block-column is-layout-flow wp-block-column-is-layout-flow\"><\/div>\n<\/div>\n\n\n\n<figure class=\"wp-block-image aligncenter size-full\"><img fetchpriority=\"high\" decoding=\"async\" width=\"550\" height=\"627\" src=\"https:\/\/l-ilot-maths.fr\/wp-content\/uploads\/2023\/07\/Plan03.png\" alt=\"\" class=\"wp-image-55\" srcset=\"https:\/\/l-ilot-maths.fr\/wp-content\/uploads\/2023\/07\/Plan03.png 550w, https:\/\/l-ilot-maths.fr\/wp-content\/uploads\/2023\/07\/Plan03-263x300.png 263w\" sizes=\"(max-width: 550px) 100vw, 550px\" \/><\/figure>\n\n\n\n<p class=\"has-black-color has-text-color has-medium-font-size\" style=\"line-height:2\">L&rsquo;\u00eelot Maths est \u00e0 proximit\u00e9 du palais des Beaux-Arts :<\/p>\n\n\n\n<p class=\"has-black-color has-text-color has-medium-font-size\" style=\"line-height:1.5\">&#8211; \u00e0 5 minutes de la station de m\u00e9tro R\u00e9publique&nbsp;<\/p>\n\n\n\n<p class=\"has-black-color has-text-color has-medium-font-size\" style=\"line-height:1.5\">&#8211; \u00e0&nbsp;10 minutes de la station de m\u00e9tro Mairie de Lille<\/p>\n\n\n\n<p class=\"has-black-color has-text-color has-medium-font-size\" style=\"line-height:1.5\">&#8211; \u00e0 15 minutes de la gare Lille-Flandres&nbsp;<\/p>\n","protected":false},"excerpt":{"rendered":"<p>Pour me contacter : mail :&nbsp;l_ilot_maths@orange.fr t\u00e9l : 06 80 52 99 72 L&rsquo;\u00eelot Maths est \u00e0 proximit\u00e9 du palais des Beaux-Arts : &#8211; \u00e0 5 minutes de la station de m\u00e9tro R\u00e9publique&nbsp; &#8211; \u00e0&nbsp;10 minutes de la station de m\u00e9tro Mairie de Lille &#8211; \u00e0 15 minutes de la gare Lille-Flandres&nbsp;<\/p>\n","protected":false},"author":1,"featured_media":0,"parent":0,"menu_order":5,"comment_status":"closed","ping_status":"closed","template":"","meta":{"site-sidebar-layout":"default","site-content-layout":"","ast-site-content-layout":"default","site-content-style":"default","site-sidebar-style":"default","ast-global-header-display":"","ast-banner-title-visibility":"","ast-main-header-display":"","ast-hfb-above-header-display":"","ast-hfb-below-header-display":"","ast-hfb-mobile-header-display":"","site-post-title":"","ast-breadcrumbs-content":"","ast-featured-img":"","footer-sml-layout":"","ast-disable-related-posts":"","theme-transparent-header-meta":"","adv-header-id-meta":"","stick-header-meta":"","header-above-stick-meta":"","header-main-stick-meta":"","header-below-stick-meta":"","astra-migrate-meta-layouts":"default","ast-page-background-enabled":"default","ast-page-background-meta":{"desktop":{"background-color":"var(--ast-global-color-4)","background-image":"","background-repeat":"repeat","background-position":"center center","background-size":"auto","background-attachment":"scroll","background-type":"","background-media":"","overlay-type":"","overlay-color":"","overlay-opacity":"","overlay-gradient":""},"tablet":{"background-color":"","background-image":"","background-repeat":"repeat","background-position":"center center","background-size":"auto","background-attachment":"scroll","background-type":"","background-media":"","overlay-type":"","overlay-color":"","overlay-opacity":"","overlay-gradient":""},"mobile":{"background-color":"","background-image":"","background-repeat":"repeat","background-position":"center center","background-size":"auto","background-attachment":"scroll","background-type":"","background-media":"","overlay-type":"","overlay-color":"","overlay-opacity":"","overlay-gradient":""}},"ast-content-background-meta":{"desktop":{"background-color":"var(--ast-global-color-5)","background-image":"","background-repeat":"repeat","background-position":"center center","background-size":"auto","background-attachment":"scroll","background-type":"","background-media":"","overlay-type":"","overlay-color":"","overlay-opacity":"","overlay-gradient":""},"tablet":{"background-color":"var(--ast-global-color-5)","background-image":"","background-repeat":"repeat","background-position":"center center","background-size":"auto","background-attachment":"scroll","background-type":"","background-media":"","overlay-type":"","overlay-color":"","overlay-opacity":"","overlay-gradient":""},"mobile":{"background-color":"var(--ast-global-color-5)","background-image":"","background-repeat":"repeat","background-position":"center center","background-size":"auto","background-attachment":"scroll","background-type":"","background-media":"","overlay-type":"","overlay-color":"","overlay-opacity":"","overlay-gradient":""}},"footnotes":""},"class_list":["post-54","page","type-page","status-publish","hentry"],"_links":{"self":[{"href":"https:\/\/l-ilot-maths.fr\/index.php\/wp-json\/wp\/v2\/pages\/54","targetHints":{"allow":["GET"]}}],"collection":[{"href":"https:\/\/l-ilot-maths.fr\/index.php\/wp-json\/wp\/v2\/pages"}],"about":[{"href":"https:\/\/l-ilot-maths.fr\/index.php\/wp-json\/wp\/v2\/types\/page"}],"author":[{"embeddable":true,"href":"https:\/\/l-ilot-maths.fr\/index.php\/wp-json\/wp\/v2\/users\/1"}],"replies":[{"embeddable":true,"href":"https:\/\/l-ilot-maths.fr\/index.php\/wp-json\/wp\/v2\/comments?post=54"}],"version-history":[{"count":4,"href":"https:\/\/l-ilot-maths.fr\/index.php\/wp-json\/wp\/v2\/pages\/54\/revisions"}],"predecessor-version":[{"id":104,"href":"https:\/\/l-ilot-maths.fr\/index.php\/wp-json\/wp\/v2\/pages\/54\/revisions\/104"}],"wp:attachment":[{"href":"https:\/\/l-ilot-maths.fr\/index.php\/wp-json\/wp\/v2\/media?parent=54"}],"curies":[{"name":"wp","href":"https:\/\/api.w.org\/{rel}","templated":true}]}}