{"id":7,"date":"2023-07-04T15:42:31","date_gmt":"2023-07-04T13:42:31","guid":{"rendered":"https:\/\/l-ilot-maths.fr\/?page_id=7"},"modified":"2024-09-02T11:02:32","modified_gmt":"2024-09-02T09:02:32","slug":"qui-suis-je","status":"publish","type":"page","link":"https:\/\/l-ilot-maths.fr\/index.php\/qui-suis-je\/","title":{"rendered":"Qui suis-je ?"},"content":{"rendered":"\n<p>Je m&rsquo;appelle Sylvie Fusco, j&rsquo;enseigne les Math\u00e9matiques et il s&rsquo;agit de ma 27\u00e8me rentr\u00e9e.<\/p>\n\n\n\n<p>4 ans en coll\u00e8ge et 23 ans en lyc\u00e9e.<\/p>\n\n\n\n<p>J&rsquo;ai obtenu le CAPES de Math\u00e9matiques en 1997.<\/p>\n\n\n\n<p>Apr\u00e8s une ann\u00e9e de stage, j&rsquo;ai \u00e9t\u00e9 titularis\u00e9e sur la zone de remplacement de Lille.<\/p>\n\n\n\n<p>Durant les huit ann\u00e9es de cette affection, j&rsquo;ai enseign\u00e9 dans diff\u00e9rents coll\u00e8ges et lyc\u00e9es, \u00e0 tous les niveaux de la Sixi\u00e8me \u00e0 la Terminale, dans les diff\u00e9rentes s\u00e9ries g\u00e9n\u00e9rales et technologiques du lyc\u00e9e.<\/p>\n\n\n\n<p>J&rsquo;ai demand\u00e9 une mutation en 2006, et j&rsquo;ai obtenu un poste que j&rsquo;occupe toujours au lyc\u00e9e Marguerite de Flandre de Gondecourt.<\/p>\n\n\n\n<p class=\"has-black-color has-text-color has-link-color wp-elements-cd7ed3105be40aa2a4eae08adec0c765\">J&rsquo;ai cr\u00e9\u00e9 l&rsquo;\u00eelot Maths (auto-entreprise) en septembre 2020 afin de pouvoir r\u00e9pondre \u00e0 une demande d&rsquo;aide, de soutien ou&nbsp;de cours compl\u00e9mentaires en Math\u00e9matiques.<\/p>\n\n\n\n<figure class=\"wp-block-image aligncenter size-full\"><img fetchpriority=\"high\" decoding=\"async\" width=\"481\" height=\"355\" src=\"https:\/\/l-ilot-maths.fr\/wp-content\/uploads\/2023\/07\/CaptDteEuler.jpg\" alt=\"La droite d'Euler\" class=\"wp-image-11\" srcset=\"https:\/\/l-ilot-maths.fr\/wp-content\/uploads\/2023\/07\/CaptDteEuler.jpg 481w, https:\/\/l-ilot-maths.fr\/wp-content\/uploads\/2023\/07\/CaptDteEuler-300x221.jpg 300w\" sizes=\"(max-width: 481px) 100vw, 481px\" \/><figcaption class=\"wp-element-caption\">la droite d&rsquo;Euler<\/figcaption><\/figure>\n","protected":false},"excerpt":{"rendered":"<p>Je m&rsquo;appelle Sylvie Fusco, j&rsquo;enseigne les Math\u00e9matiques et il s&rsquo;agit de ma 27\u00e8me rentr\u00e9e. 4 ans en coll\u00e8ge et 23 ans en lyc\u00e9e. J&rsquo;ai obtenu le CAPES de Math\u00e9matiques en 1997. Apr\u00e8s une ann\u00e9e de stage, j&rsquo;ai \u00e9t\u00e9 titularis\u00e9e sur la zone de remplacement de Lille. Durant les huit ann\u00e9es de cette affection, j&rsquo;ai enseign\u00e9 [&hellip;]<\/p>\n","protected":false},"author":1,"featured_media":0,"parent":0,"menu_order":3,"comment_status":"closed","ping_status":"closed","template":"","meta":{"site-sidebar-layout":"default","site-content-layout":"","ast-site-content-layout":"default","site-content-style":"default","site-sidebar-style":"default","ast-global-header-display":"","ast-banner-title-visibility":"","ast-main-header-display":"","ast-hfb-above-header-display":"","ast-hfb-below-header-display":"","ast-hfb-mobile-header-display":"","site-post-title":"","ast-breadcrumbs-content":"","ast-featured-img":"","footer-sml-layout":"","ast-disable-related-posts":"","theme-transparent-header-meta":"","adv-header-id-meta":"","stick-header-meta":"","header-above-stick-meta":"","header-main-stick-meta":"","header-below-stick-meta":"","astra-migrate-meta-layouts":"set","ast-page-background-enabled":"default","ast-page-background-meta":{"desktop":{"background-color":"var(--ast-global-color-4)","background-image":"","background-repeat":"repeat","background-position":"center center","background-size":"auto","background-attachment":"scroll","background-type":"","background-media":"","overlay-type":"","overlay-color":"","overlay-opacity":"","overlay-gradient":""},"tablet":{"background-color":"","background-image":"","background-repeat":"repeat","background-position":"center center","background-size":"auto","background-attachment":"scroll","background-type":"","background-media":"","overlay-type":"","overlay-color":"","overlay-opacity":"","overlay-gradient":""},"mobile":{"background-color":"","background-image":"","background-repeat":"repeat","background-position":"center center","background-size":"auto","background-attachment":"scroll","background-type":"","background-media":"","overlay-type":"","overlay-color":"","overlay-opacity":"","overlay-gradient":""}},"ast-content-background-meta":{"desktop":{"background-color":"var(--ast-global-color-5)","background-image":"","background-repeat":"repeat","background-position":"center center","background-size":"auto","background-attachment":"scroll","background-type":"","background-media":"","overlay-type":"","overlay-color":"","overlay-opacity":"","overlay-gradient":""},"tablet":{"background-color":"var(--ast-global-color-5)","background-image":"","background-repeat":"repeat","background-position":"center center","background-size":"auto","background-attachment":"scroll","background-type":"","background-media":"","overlay-type":"","overlay-color":"","overlay-opacity":"","overlay-gradient":""},"mobile":{"background-color":"var(--ast-global-color-5)","background-image":"","background-repeat":"repeat","background-position":"center center","background-size":"auto","background-attachment":"scroll","background-type":"","background-media":"","overlay-type":"","overlay-color":"","overlay-opacity":"","overlay-gradient":""}},"footnotes":""},"class_list":["post-7","page","type-page","status-publish","hentry"],"_links":{"self":[{"href":"https:\/\/l-ilot-maths.fr\/index.php\/wp-json\/wp\/v2\/pages\/7","targetHints":{"allow":["GET"]}}],"collection":[{"href":"https:\/\/l-ilot-maths.fr\/index.php\/wp-json\/wp\/v2\/pages"}],"about":[{"href":"https:\/\/l-ilot-maths.fr\/index.php\/wp-json\/wp\/v2\/types\/page"}],"author":[{"embeddable":true,"href":"https:\/\/l-ilot-maths.fr\/index.php\/wp-json\/wp\/v2\/users\/1"}],"replies":[{"embeddable":true,"href":"https:\/\/l-ilot-maths.fr\/index.php\/wp-json\/wp\/v2\/comments?post=7"}],"version-history":[{"count":6,"href":"https:\/\/l-ilot-maths.fr\/index.php\/wp-json\/wp\/v2\/pages\/7\/revisions"}],"predecessor-version":[{"id":166,"href":"https:\/\/l-ilot-maths.fr\/index.php\/wp-json\/wp\/v2\/pages\/7\/revisions\/166"}],"wp:attachment":[{"href":"https:\/\/l-ilot-maths.fr\/index.php\/wp-json\/wp\/v2\/media?parent=7"}],"curies":[{"name":"wp","href":"https:\/\/api.w.org\/{rel}","templated":true}]}}